{"id":112,"date":"2016-09-28T11:56:01","date_gmt":"2016-09-28T11:56:01","guid":{"rendered":"http:\/\/www.linsem.cl\/?page_id=112"},"modified":"2024-07-29T13:08:15","modified_gmt":"2024-07-29T13:08:15","slug":"admision","status":"publish","type":"page","link":"http:\/\/www.linsem.cl\/?page_id=112","title":{"rendered":"Admisi\u00f3n"},"content":{"rendered":"<p><img loading=\"lazy\" class=\"size-full wp-image-3605 alignleft\" src=\"http:\/\/www.linsem.cl\/wp-content\/uploads\/2022\/05\/image.png\" alt=\"\" width=\"57\" height=\"82\"><\/p>\r\n<p>FUNDACI\u00d3N EDUCACIONAL LICEO NUESTRA SE\u00d1ORA DE LA MERCED.<img loading=\"lazy\" class=\"wp-image-4091 alignright\" src=\"http:\/\/www.linsem.cl\/wp-content\/uploads\/2024\/07\/ADMISION-3.png\" alt=\"\" width=\"158\" height=\"100\"><\/p>\r\n<p>&nbsp;<\/p>\r\n<p>Balmaceda 108-Fono 423799<\/p>\r\n<p><u>SAN CARLOS<\/u><\/p>\r\n<p><strong>Comunicaci\u00f3n Sistema de Admisi\u00f3n Escolar 2024\u2013 A\u00f1o acad\u00e9mico 2025<\/strong><\/p>\r\n<p><strong>Estimados Padres, Apoderados y Comunidad en general:<\/strong><\/p>\r\n<p>Junto con saludar, le informamos que el periodo principal de postulaci\u00f3n <strong>comienza el viernes<\/strong> <strong>02 <\/strong><strong>de agosto del 2024 <\/strong>en todos los niveles (pre-k\u00ednder a cuarto medio) y <strong>finaliza el viernes 30 de agosto del 2024 <\/strong>en todas las regiones del pa\u00eds.<\/p>\r\n<h4>1.&nbsp;&nbsp;&nbsp;&nbsp;&nbsp;&nbsp; COMO SE POSTULA (Liceo Bicentenario Polivalente Nuestra Se\u00f1ora de la Merced)<\/h4>\r\n<p><img loading=\"lazy\" class=\"wp-image-4089 alignleft\" src=\"http:\/\/www.linsem.cl\/wp-content\/uploads\/2024\/07\/Admision-2025.jpg-300x237.png\" alt=\"\" width=\"599\" height=\"473\" srcset=\"http:\/\/www.linsem.cl\/wp-content\/uploads\/2024\/07\/Admision-2025.jpg-300x237.png 300w, http:\/\/www.linsem.cl\/wp-content\/uploads\/2024\/07\/Admision-2025.jpg-768x607.png 768w, http:\/\/www.linsem.cl\/wp-content\/uploads\/2024\/07\/Admision-2025.jpg.png 952w\" sizes=\"(max-width: 599px) 100vw, 599px\" \/><\/p>\r\n<p>&nbsp;<\/p>\r\n<p>&nbsp;<\/p>\r\n<p>&nbsp;<\/p>\r\n<p>&nbsp;<\/p>\r\n<p>&nbsp;<\/p>\r\n<p>&nbsp;<\/p>\r\n<p>&nbsp;<\/p>\r\n<p>&nbsp;<\/p>\r\n<p>&nbsp;<\/p>\r\n<p>&nbsp;<\/p>\r\n<p>&nbsp;<\/p>\r\n<p>&nbsp;<\/p>\r\n<p>&nbsp;<\/p>\r\n<ol>\r\n<li><strong>QUIENES DEBEN POSTULAR.<\/strong><\/li>\r\n<\/ol>\r\n<p><strong>S\u00cd deben postular:<\/strong><\/p>\r\n<ul>\r\n<li>Quienes por <strong>primera vez ingresan <\/strong>a un establecimiento p\u00fablico o particular<\/li>\r\n<li>Quienes se encuentran en un <strong>establecimiento que no tenga continuidad <\/strong>en el siguiente<\/li>\r\n<li>Quienes <strong>deseen cambiarse <\/strong>de<\/li>\r\n<li>Quienes <strong>quieran reingresar al sistema educativo <\/strong>despu\u00e9s de haberlo abandonado.<\/li>\r\n<li>Quienes <strong>actualmente<\/strong> <strong>cursan medio mayor <\/strong>y quieren continuar en el mismo establecimiento o en otro.<\/li>\r\n<\/ul>\r\n<p>&nbsp;<\/p>\r\n<p><strong>NO deben postular a trav\u00e9s del Sistema de Admisi\u00f3n Escolar:<\/strong><\/p>\r\n<p>X-. Quienes est\u00e9n en modalidad <strong>de educaci\u00f3n regular y deseen continuar en su mismo establecimiento<\/strong>.<\/p>\r\n<p>X-. Quienes quieran <strong>ingresar a una modalidad de Educaci\u00f3n<\/strong><strong> Especial (TEL).<\/strong><\/p>\r\n<p>X-. Quienes quieran ingresar a una escuela de <strong>Educaci\u00f3n Especial o de Lenguaje.<\/strong><\/p>\r\n<p>X-. Quienes quieran ingresar a un establecimiento que imparta <strong>Educaci\u00f3n de Adultos.<\/strong><\/p>\r\n<p>X-. Quienes quieran ingresar a un <strong>establecimiento<\/strong> <strong>Particular Pagado.<\/strong><\/p>\r\n<p>X-. Quienes quieran ingresar a <strong>jardines Junji, Integra o Escuelas de P\u00e1rvulos.<\/strong><\/p>\r\n<h4>1.&nbsp;&nbsp;&nbsp;&nbsp;&nbsp;&nbsp; INDICACIONES PARA POSTULAR<\/h4>\r\n<ul>\r\n<li>Podr\u00e1 registrarse e informarse antes del inicio de las postulaciones en <u><a href=\"http:\/\/www.sistemadeadmisionescolar.cl\/\">sistemadeadmisionescolar.cl<\/a><\/u><\/li>\r\n<li>Puede postular en cualquier d\u00eda mientras dure el Periodo Principal de Postulaci\u00f3n. No influir\u00e1 en su resultado si postula el primer o \u00faltimo d\u00eda.<\/li>\r\n<li>Si su estudiante est\u00e1 categorizado como \u00abprioritario\u00bb, se encontrar\u00e1 eximido de cualquier tipo de cobro de financiamiento compartido si el establecimiento se encuentra adscrito a la Subvenci\u00f3n Escolar Preferencial (SEP).<\/li>\r\n<li>Si es extranjero y no tiene RUN nacional, debe solicitar en <a href=\"http:\/\/www.ayudamineduc.cl\/\">ayudamineduc.cl<\/a>\/tramites-en-linea un n\u00famero IPA (Identificador Provisorio Apoderado) y si su estudiante no tiene RUN Nacional solicitar un n\u00famero IPE (Identificador Provisorio Estudiante).<\/li>\r\n<li>Las familias que tengan escaso o nulo acceso a internet podr\u00e1n postular por tel\u00e9fono a trav\u00e9s de Ayuda Mineduc, llamando al&nbsp;<strong>600 600 2626<\/strong>.<\/li>\r\n<\/ul>\r\n<h4>1.&nbsp;&nbsp;&nbsp;&nbsp;&nbsp;&nbsp; RESUMEN CALENDARIO 2024.<\/h4>\r\n<p><img loading=\"lazy\" class=\" wp-image-4090 alignleft\" src=\"http:\/\/www.linsem.cl\/wp-content\/uploads\/2024\/07\/admision-2-300x113.png\" alt=\"\" width=\"727\" height=\"274\" srcset=\"http:\/\/www.linsem.cl\/wp-content\/uploads\/2024\/07\/admision-2-300x113.png 300w, http:\/\/www.linsem.cl\/wp-content\/uploads\/2024\/07\/admision-2-768x288.png 768w, http:\/\/www.linsem.cl\/wp-content\/uploads\/2024\/07\/admision-2.png 877w\" sizes=\"(max-width: 727px) 100vw, 727px\" \/><\/p>\r\n<p>&nbsp;<\/p>\r\n<p>&nbsp;<\/p>\r\n<p>&nbsp;<\/p>\r\n<p>&nbsp;<\/p>\r\n<p>&nbsp;<\/p>\r\n<p>&nbsp;<\/p>\r\n<p>&nbsp;<\/p>\r\n<p>Para m\u00e1s informaci\u00f3n ingrese a www.sistemadeadmisionescolar.cl<br>o llame al 600 600 26 26<\/p>\r\n<p>&nbsp;<\/p>\r\n<p>El Ministerio de Educaci\u00f3n habilit\u00f3 una p\u00e1gina web para postular y aclarar dudas : <a href=\"http:\/\/www.sistemadeadmisionescolar.cl\">www.sistemadeadmisionescolar.cl<\/a><\/p>\r\n<p>V\u00eddeo<br><a href=\"https:\/\/www.flickr.com\/gp\/liceonuestraseoradelamerced\/7zR997\">www.flickr.com\/gp\/liceonuestraseoradelamerced\/7zR997<\/a><\/p>\r\n<p>&nbsp;<\/p>\r\n<p><a href=\"https:\/\/www.flickr.com\/gp\/liceonuestraseoradelamerced\/6RGLFF\">www.flickr.com\/gp\/liceonuestraseoradelamerced\/6RGLFF<\/a><\/p>\r\n\r\n<div class=\"wp-block-file\"><a href=\"https:\/\/docs.google.com\/document\/d\/1YR-ot2I64mmxbqMAQO-ZZEBjYhwBSCIr\/edit?usp=sharing&amp;ouid=118227737418623174584&amp;rtpof=true&amp;sd=true\">Circular-Informativa-Apoderados-1<\/a><a class=\"wp-block-file__button\" href=\"http:\/\/www.linsem.cl\/wp-content\/uploads\/2019\/08\/Circular-Informativa-Apoderados-1.docx\" download=\"\">Descarga<\/a><\/div>\r\n\r\n<p><script async=\"\" src=\"\/\/embedr.flickr.com\/assets\/client-code.js\" charset=\"utf-8\"><\/script><\/p>\r\n<p><a title=\"Que es el SAE\" href=\"https:\/\/www.flickr.com\/photos\/liceonuestraseoradelamerced\/48601382356\/in\/album-72157710492799001\/\" data-flickr-embed=\"true\" data-header=\"true\" data-footer=\"true\"><img loading=\"lazy\" src=\"https:\/\/live.staticflickr.com\/31337\/48601382356_44ecf8595c_z.jpg\" alt=\"Que es el SAE\" width=\"640\" height=\"360\"><\/a><script async=\"\" src=\"\/\/embedr.flickr.com\/assets\/client-code.js\" charset=\"utf-8\"><\/script><\/p>","protected":false},"excerpt":{"rendered":"<p>FUNDACI\u00d3N EDUCACIONAL LICEO NUESTRA SE\u00d1ORA DE LA MERCED. &nbsp; Balmaceda 108-Fono 423799 SAN CARLOS Comunicaci\u00f3n Sistema de Admisi\u00f3n Escolar 2024\u2013 A\u00f1o acad\u00e9mico 2025 Estimados Padres, Apoderados y Comunidad en general: Junto con saludar, le informamos que el periodo principal de postulaci\u00f3n comienza el viernes 02 de agosto del 2024 en todos los niveles (pre-k\u00ednder a<a href=\"http:\/\/www.linsem.cl\/?page_id=112\">[&#8230;]<\/a><\/p>\n","protected":false},"author":1,"featured_media":0,"parent":110,"menu_order":0,"comment_status":"closed","ping_status":"closed","template":"","meta":{"ngg_post_thumbnail":0},"_links":{"self":[{"href":"http:\/\/www.linsem.cl\/index.php?rest_route=\/wp\/v2\/pages\/112"}],"collection":[{"href":"http:\/\/www.linsem.cl\/index.php?rest_route=\/wp\/v2\/pages"}],"about":[{"href":"http:\/\/www.linsem.cl\/index.php?rest_route=\/wp\/v2\/types\/page"}],"author":[{"embeddable":true,"href":"http:\/\/www.linsem.cl\/index.php?rest_route=\/wp\/v2\/users\/1"}],"replies":[{"embeddable":true,"href":"http:\/\/www.linsem.cl\/index.php?rest_route=%2Fwp%2Fv2%2Fcomments&post=112"}],"version-history":[{"count":8,"href":"http:\/\/www.linsem.cl\/index.php?rest_route=\/wp\/v2\/pages\/112\/revisions"}],"predecessor-version":[{"id":4092,"href":"http:\/\/www.linsem.cl\/index.php?rest_route=\/wp\/v2\/pages\/112\/revisions\/4092"}],"up":[{"embeddable":true,"href":"http:\/\/www.linsem.cl\/index.php?rest_route=\/wp\/v2\/pages\/110"}],"wp:attachment":[{"href":"http:\/\/www.linsem.cl\/index.php?rest_route=%2Fwp%2Fv2%2Fmedia&parent=112"}],"curies":[{"name":"wp","href":"https:\/\/api.w.org\/{rel}","templated":true}]}}