{"id":26,"date":"2016-09-28T02:01:56","date_gmt":"2016-09-28T02:01:56","guid":{"rendered":"http:\/\/www.linsem.cl\/?page_id=26"},"modified":"2019-05-07T14:13:34","modified_gmt":"2019-05-07T14:13:34","slug":"madre-teresa","status":"publish","type":"page","link":"http:\/\/www.linsem.cl\/?page_id=26","title":{"rendered":"Madre Teresa"},"content":{"rendered":"<p style=\"text-align: center;\"><strong>Vida y Obra de Madre Teresa de Jes\u00fas Bacq<\/strong><\/p>\n<p style=\"text-align: justify;\"><a href=\"http:\/\/www.linsem.cl\/wp-content\/uploads\/2019\/05\/Madre-Teresa-de-Jes\u00fas-Bacq.png\"><img loading=\"lazy\" class=\"size-full wp-image-2701 alignright\" src=\"http:\/\/www.linsem.cl\/wp-content\/uploads\/2019\/05\/Madre-Teresa-de-Jes\u00fas-Bacq.png\" alt=\"Madre Teresa de Jes\u00fas Bacq\" width=\"191\" height=\"264\"><\/a>Madre Teresa de Jes\u00fas Bacq nace en Par\u00eds (Francia) el 16 de septiembre de 1825, hija de Don Antonio Bacq y Do\u00f1a Cristina Acher, ambos luteranos. A menudo visitaba a los parientes cat\u00f3licos en B\u00e9lgica y se siente atra\u00edda del alegre testimonio de vida de ellos, y correspondiendo a la obra de la gracia. A la edad de 14 a\u00f1os con el consentimiento de los padres, el 31 de mayo de 1839 recibe el bautismo y la primera comuni\u00f3n, y entra en la Iglesia Cat\u00f3lica con el nombre de Isabel.<\/p>\n<p style=\"text-align: justify;\">Ella siente una devoci\u00f3n particular hacia la Virgen Inmaculada, y a ella se unir\u00e1 a trav\u00e9s del voto de esclavitud a Mar\u00eda, marcando su camino por el amor misericordioso y por su lema caracter\u00edstico: A.J.P.M.<\/p>\n<p style=\"text-align: justify;\"><em>\u00abA JESUS POR MAR\u00cdA\u00bb<\/em><\/p>\n<p style=\"text-align: justify;\">La fe de Sor Teresa de Jes\u00fas es firme y clara y anclada al magisterio de la Iglesia con el alma abierta y disponible a la voluntad de Dios. Al tierno amor hacia la Virgen ha contribuido la lectura del \u201cTratado de la verdadera devoci\u00f3n\u201d de San Luis Mar\u00eda Montfort y el d\u00eda de sus votos perpetuos Sor Teresa de Jes\u00fas, con el permiso de la superiora, hace voto de <strong>\u201cEsclavitud a Jes\u00fas por Mar\u00eda\u201d<\/strong>.<\/p>\n<p style=\"text-align: justify;\">Orientada hacia la Educaci\u00f3n,&nbsp; frecuenta la Escuela Cat\u00f3lica de las Hermanas \u201cAgustinas de la Intimidad de Mar\u00eda\u201d en Montrouge. El esp\u00edritu de las religiosas correspond\u00eda a la inclinaci\u00f3n afectiva hacia la Madre de Dios ya consolidada en Isabel, que decide entrar y ser parte de esa comunidad. El d\u00eda de la profesi\u00f3n Isabel escoge llamarse <strong>Sor Teresa de Jes\u00fas<\/strong>. Completados sus estudios, Sor Teresa de Jes\u00fas se dedica a la Ense\u00f1anza.<\/p>\n<p><strong>Misi\u00f3n en \u00c1frica<\/strong><\/p>\n<p style=\"text-align: justify;\"><strong>1868<\/strong> Monse\u00f1or Lavigerie pide cuatro hermanas pero la prudencia impone a la Madre la renuncia y responde que los mejores sujetos trabajan en la escuela, las otras son la esperanza, pero pueden todav\u00eda caminar solas.<\/p>\n<p style=\"text-align: justify;\"><strong>1871<\/strong> Las primera cuatro hermanas, acompa\u00f1adas por la Madre, desembarcan en \u00c1frica para ocuparse de un colegio de j\u00f3venes europeas en San Eugenio en Argel.<\/p>\n<p style=\"text-align: justify;\"><strong>1874<\/strong> Monse\u00f1or Lavigerie, el 11 de noviembre, nombra a Madre Teresa Superiora General de las \u201cReligiosas Misioneras de Nuestra Se\u00f1ora de \u00c1frica\u201d. El Arzobispo de Argel unifica, la Congregaci\u00f3n de la Asunci\u00f3n que se dedica a la ense\u00f1anza, las Hermanas Jeronimitas dedicadas a los trabajos del campo, y las Agustinas (constituidas por las conversas de las Hermanas de la Asunci\u00f3n y de otras Hermanas entre las Jeronimitas) que se dedicar\u00e1n al cuidado de los enfermos, bajo la \u00fanica direcci\u00f3n de Madre Teresa. La Casa Madre est\u00e1 situada en Kouba cerca de Argel.<\/p>\n<p><strong>Fundaci\u00f3n en C\u00f3rcega<\/strong><\/p>\n<p style=\"text-align: justify;\"><strong>&nbsp;<\/strong><strong>1890<\/strong> Madre Teresa de Jes\u00fas acoge con fervor el proyecto ofrecido por el Consejo Comunal de Ajaccio para abrir un hospicio con enfermer\u00eda para ancianos abandonados o pobres. Junto a esta obra para los ancianos nace tambi\u00e9n un asilo para los peque\u00f1os. Las hermanas dejaron la obra de Ajaccio en agosto del 2010.<\/p>\n<p><strong>\u00abOBRAS DE MISERICORDIA\u00bb<\/strong><\/p>\n<p style=\"text-align: justify;\">Concentra un gran apostolado al obrar por todos los \u00e1mbitos del ser Humano:<\/p>\n<ul>\n<li style=\"list-style-type: none;\">\n<ul>\n<li style=\"text-align: justify;\">EDUCACI\u00d3N DE LA JUVENTUD.<\/li>\n<\/ul>\n<\/li>\n<\/ul>\n<p>&nbsp;<\/p>\n<ul>\n<li style=\"list-style-type: none;\">\n<ul>\n<li style=\"text-align: justify;\">APOSTOLADO.<\/li>\n<\/ul>\n<\/li>\n<\/ul>\n<p>&nbsp;<\/p>\n<ul>\n<li style=\"list-style-type: none;\">\n<ul>\n<li style=\"text-align: justify;\">MISIONES.<\/li>\n<\/ul>\n<\/li>\n<\/ul>\n<p>&nbsp;<\/p>\n<ul>\n<li style=\"list-style-type: none;\">\n<ul>\n<li style=\"text-align: justify;\">ATENCI\u00d3N DE LOS ENFERMOS.<\/li>\n<\/ul>\n<\/li>\n<\/ul>\n<p>&nbsp;<\/p>\n<ul>\n<li style=\"text-align: justify;\">ATENCI\u00d3N DE ANCIANOS Y NI\u00d1OS.<\/li>\n<\/ul>\n","protected":false},"excerpt":{"rendered":"<p>Vida y Obra de Madre Teresa de Jes\u00fas Bacq Madre Teresa de Jes\u00fas Bacq nace en Par\u00eds (Francia) el 16 de septiembre de 1825, hija de Don Antonio Bacq y Do\u00f1a Cristina Acher, ambos luteranos. A menudo visitaba a los parientes cat\u00f3licos en B\u00e9lgica y se siente atra\u00edda del alegre testimonio de vida de ellos,<a href=\"http:\/\/www.linsem.cl\/?page_id=26\">[&#8230;]<\/a><\/p>\n","protected":false},"author":1,"featured_media":0,"parent":24,"menu_order":1,"comment_status":"closed","ping_status":"closed","template":"","meta":{"ngg_post_thumbnail":0},"_links":{"self":[{"href":"http:\/\/www.linsem.cl\/index.php?rest_route=\/wp\/v2\/pages\/26"}],"collection":[{"href":"http:\/\/www.linsem.cl\/index.php?rest_route=\/wp\/v2\/pages"}],"about":[{"href":"http:\/\/www.linsem.cl\/index.php?rest_route=\/wp\/v2\/types\/page"}],"author":[{"embeddable":true,"href":"http:\/\/www.linsem.cl\/index.php?rest_route=\/wp\/v2\/users\/1"}],"replies":[{"embeddable":true,"href":"http:\/\/www.linsem.cl\/index.php?rest_route=%2Fwp%2Fv2%2Fcomments&post=26"}],"version-history":[{"count":6,"href":"http:\/\/www.linsem.cl\/index.php?rest_route=\/wp\/v2\/pages\/26\/revisions"}],"predecessor-version":[{"id":2703,"href":"http:\/\/www.linsem.cl\/index.php?rest_route=\/wp\/v2\/pages\/26\/revisions\/2703"}],"up":[{"embeddable":true,"href":"http:\/\/www.linsem.cl\/index.php?rest_route=\/wp\/v2\/pages\/24"}],"wp:attachment":[{"href":"http:\/\/www.linsem.cl\/index.php?rest_route=%2Fwp%2Fv2%2Fmedia&parent=26"}],"curies":[{"name":"wp","href":"https:\/\/api.w.org\/{rel}","templated":true}]}}